{"id":15,"date":"2020-03-01T14:47:56","date_gmt":"2020-03-01T13:47:56","guid":{"rendered":"https:\/\/supplychange.de\/?page_id=15"},"modified":"2020-04-14T22:14:34","modified_gmt":"2020-04-14T20:14:34","slug":"ueber-uns","status":"publish","type":"page","link":"https:\/\/supplychange.de\/?page_id=15","title":{"rendered":"\u00dcber uns"},"content":{"rendered":"\n<figure class=\"wp-block-image size-large\"><img loading=\"lazy\" width=\"1024\" height=\"768\" src=\"https:\/\/supplychange.de\/wp-content\/uploads\/2020\/04\/DSCN5979-1024x768.jpg\" alt=\"\" class=\"wp-image-300\" srcset=\"https:\/\/supplychange.de\/wp-content\/uploads\/2020\/04\/DSCN5979-1024x768.jpg 1024w, https:\/\/supplychange.de\/wp-content\/uploads\/2020\/04\/DSCN5979-300x225.jpg 300w, https:\/\/supplychange.de\/wp-content\/uploads\/2020\/04\/DSCN5979-768x576.jpg 768w, https:\/\/supplychange.de\/wp-content\/uploads\/2020\/04\/DSCN5979-1536x1152.jpg 1536w, https:\/\/supplychange.de\/wp-content\/uploads\/2020\/04\/DSCN5979-766x575.jpg 766w, https:\/\/supplychange.de\/wp-content\/uploads\/2020\/04\/DSCN5979.jpg 1632w\" sizes=\"(max-width: 1024px) 100vw, 1024px\" \/><\/figure>\n\n\n\n<h2>Was erwartet dich auf dieser Seite?<\/h2>\n\n\n\n<p>Auf dieser Seite dreht sich alles um das Thema Nachhaltigkeit und soziale Fairness. Wir teilen unsere Erfahrungen zu diesem Thema in Form eines <strong>Blogs<\/strong>. Die einzelnen Beitr\u00e4ge sind bunt zusammengemischt und entsprechen dem, was in unserem Alltag gerade eine besondere Rolle spielt. Wer es lieber geordnet mag, kann \u00fcber die Tags auch nach bestimmten Themen in unserem Blog suchen. Auch f\u00fcr die Lesefauleren ist etwas dabei: Unter &#8220;<strong>Themen zusammengefasst<\/strong>&#8221; findet ihr \u00fcbersichtliche Zusammenfassungen zu verschiedenen Themen, wie beispielsweise eine Liste an Ma\u00dfnahmen, die man zur Vermeidung von unn\u00f6tigen Verpackungen angehen kann.<\/p>\n\n\n\n<p>Grunds\u00e4tzlich gilt aber: <strong>Nachhaltigkeit ist kein schwarz-wei\u00df Thema. <\/strong>Es ist schwierig, wenn nicht sogar unm\u00f6glich die absolut &#8220;richtige&#8221; L\u00f6sung zu pr\u00e4sentieren. Viele Komponenten von Nachhaltigkeit lassen sich nicht so einfach &#8220;berechnen&#8221; oder vergleichen. Beispielsweise lassen sich Glasverpackungen zwar recyclen, sie sind jedoch sehr schwer und verursachen somit einen hohen CO2 Aussto\u00df beim Transport. Eine Plastikverpackung ist deutlich leichter und verursacht beim Transport weniger Schadstoffe, sobald in der Verpackung jedoch unterschiedliche Kunsstoffe vermischt sind, l\u00e4sst sie sich nicht mehr recyclen. Was ist denn jetzt wirklich besser? Mehr recycling oder weniger CO2? Ihr merkt, es ist nicht immer so einfach wie es zun\u00e4chst aussehen mag&#8230;<\/p>\n\n\n\n<h2>Woher stammen die Inhalte dieses Blogs?<\/h2>\n\n\n\n<p>Wir versuchen nach bestem Wissen und Gewissen Verhaltensweisen und Optionen vorzustellen, die wir als einer der &#8220;besseren&#8221; Alternativen erachten. Daf\u00fcr stellen wir aber keine Berechnungen an und versuchen viel mehr verschiedene Meinungen zu <strong>recherchieren <\/strong>und diese mit unserer <strong>eigenen Erfahrung und Wissen<\/strong> zu erg\u00e4nzen.<\/p>\n\n\n\n<h2>Ist dieser Blog eine Anleitung zu einem nachhaltigeren Leben?<\/h2>\n\n\n\n<p>Ganz klar, nein. Wer gehofft hatte, dass er hier die Anleitung zu einem nachhaltigeren  Leben bekommt, den m\u00fcssen wir an dieser Stelle leider entt\u00e4uschen. Wir  wollen viel mehr dazu anregen, sich \u00fcber bestimmt <strong>Verhaltensweisen im  Alltag Gedanken zu machen<\/strong> und diese zu diskutieren. Wir freuen uns \u00fcber  kritische Meinungen aber nat\u00fcrlich auch positives Feedback! <\/p>\n\n\n\n<p>Wenn euch dann ein Ansatz als sinnvoll erscheint, freuen wir uns ebenso, wenn er den Weg in euren Alltag findet.<\/p>\n\n\n\n<p>Was wir mit unserer Seite jedoch nicht wollen, ist Menschen zu verurteilen, die nicht leben wie wir. Keine Lebenssituation ist wie die andere und <strong>wir m\u00f6chten niemandem vorschreiben, wie er zu leben hat<\/strong>.<\/p>\n\n\n\n<p>Auch wir leben lange nicht zu 100% nachhaltig (was in unsere Gesellschaft vermutlich nicht einmal m\u00f6glich ist). Auch wir haben uns schon Fl\u00fcge \u00fcber den Atlantik geg\u00f6nnt oder kaufen einfach mal, wonach uns der Sinn steht ohne auf Verpackung, Herkunft oder Inhaltsstoffe zu achten.<\/p>\n\n\n\n<figure class=\"wp-block-image size-large\"><img loading=\"lazy\" width=\"1024\" height=\"768\" src=\"https:\/\/supplychange.de\/wp-content\/uploads\/2020\/04\/IMG-20190916-WA0010-1024x768.jpg\" alt=\"\" class=\"wp-image-220\" srcset=\"https:\/\/supplychange.de\/wp-content\/uploads\/2020\/04\/IMG-20190916-WA0010-1024x768.jpg 1024w, https:\/\/supplychange.de\/wp-content\/uploads\/2020\/04\/IMG-20190916-WA0010-300x225.jpg 300w, https:\/\/supplychange.de\/wp-content\/uploads\/2020\/04\/IMG-20190916-WA0010-768x576.jpg 768w, https:\/\/supplychange.de\/wp-content\/uploads\/2020\/04\/IMG-20190916-WA0010-1536x1152.jpg 1536w, https:\/\/supplychange.de\/wp-content\/uploads\/2020\/04\/IMG-20190916-WA0010-766x575.jpg 766w, https:\/\/supplychange.de\/wp-content\/uploads\/2020\/04\/IMG-20190916-WA0010.jpg 1600w\" sizes=\"(max-width: 1024px) 100vw, 1024px\" \/><\/figure>\n\n\n\n<h2>Wer schreibt diesen Blog \u00fcberhaupt?<\/h2>\n\n\n\n<p>Wir sind<strong> Laura und Valentin<\/strong>, zwei junge Berufst\u00e4tige aus Ulm. Wir sind beide ziemlich aktive Menschen, mit vielen (vielleicht auch manchmal zu vielen) Hobbys: wir Joggen, Bouldern, besuchen regelm\u00e4\u00dfig Standardtanzkurse, engagieren uns im Turn- und Skiverein, sind kulturell und politisch interessiert, gehen gerne mit Freunden aus, oder verabreden uns zu einem gem\u00fctlichen Spieleabend. Neben all diesen Hobbys versuchen wir nun auch noch diesen Blog zu schreiben und hoffen daher auf euer Verst\u00e4ndnis, wenn die Beitr\u00e4ge mal mehr und mal weniger regelm\u00e4\u00dfig kommen.<\/p>\n\n\n\n<h2>Warum haben wir uns f\u00fcr diesen Blog entschieden?<\/h2>\n\n\n\n<p>Wir stecken viele Gedanken und Zeit in das Thema Nachhaltigkeit und wollen diese <strong>Anregungen gerne mit der Welt teilen<\/strong>.<\/p>\n\n\n\n<p>Wir hoffen, dass wir damit dazu beitragen k\u00f6nnen, das Thema Nachhaltigkeit st\u00e4rker ins Bewusstsein zu r\u00fccken und <strong>die Welt damit vielleicht sogar ein ganz kleines St\u00fcck nachhaltiger zu machen<\/strong>&#8230;<\/p>\n\n\n\n<p class=\"has-large-font-size\"><em>Viel Spa\u00df auf dieser Seite, w\u00fcnschen<\/em><\/p>\n\n\n\n<p class=\"has-large-font-size\"><em>Laura und Valentin<\/em><\/p>\n","protected":false},"excerpt":{"rendered":"<p>Was erwartet dich auf dieser Seite? Auf dieser Seite dreht sich alles um das Thema Nachhaltigkeit und soziale Fairness. Wir teilen unsere Erfahrungen zu diesem Thema in Form eines Blogs. Die einzelnen Beitr\u00e4ge sind bunt zusammengemischt und entsprechen dem, was in unserem Alltag gerade eine besondere Rolle spielt. Wer es lieber geordnet mag, kann \u00fcber [&hellip;]<\/p>\n","protected":false},"author":1,"featured_media":0,"parent":0,"menu_order":0,"comment_status":"closed","ping_status":"closed","template":"","meta":[],"_links":{"self":[{"href":"https:\/\/supplychange.de\/index.php?rest_route=\/wp\/v2\/pages\/15"}],"collection":[{"href":"https:\/\/supplychange.de\/index.php?rest_route=\/wp\/v2\/pages"}],"about":[{"href":"https:\/\/supplychange.de\/index.php?rest_route=\/wp\/v2\/types\/page"}],"author":[{"embeddable":true,"href":"https:\/\/supplychange.de\/index.php?rest_route=\/wp\/v2\/users\/1"}],"replies":[{"embeddable":true,"href":"https:\/\/supplychange.de\/index.php?rest_route=%2Fwp%2Fv2%2Fcomments&post=15"}],"version-history":[{"count":12,"href":"https:\/\/supplychange.de\/index.php?rest_route=\/wp\/v2\/pages\/15\/revisions"}],"predecessor-version":[{"id":302,"href":"https:\/\/supplychange.de\/index.php?rest_route=\/wp\/v2\/pages\/15\/revisions\/302"}],"wp:attachment":[{"href":"https:\/\/supplychange.de\/index.php?rest_route=%2Fwp%2Fv2%2Fmedia&parent=15"}],"curies":[{"name":"wp","href":"https:\/\/api.w.org\/{rel}","templated":true}]}}