{"id":200,"date":"2020-04-13T21:20:32","date_gmt":"2020-04-13T19:20:32","guid":{"rendered":"https:\/\/supplychange.de\/?page_id=200"},"modified":"2020-04-29T14:48:35","modified_gmt":"2020-04-29T12:48:35","slug":"kleidung-nachhaltig-erwerben","status":"publish","type":"page","link":"https:\/\/supplychange.de\/?page_id=200","title":{"rendered":"Kleidung nachhaltig erwerben"},"content":{"rendered":"\n<p class=\"has-text-color has-background has-white-color has-accent-background-color\">Selbstverst\u00e4ndlich werden wir f\u00fcr die Nennung von Anbietern von niemandem bezahlt. Abgesehen davon, dass wir das im Sinne der Neutralit\u00e4t nicht passend f\u00e4nden, hat nat\u00fcrlich auch niemand ein Interesse daran uns daf\u00fcr zu bezahlen, dass 5 Leute unseren Blog lesen \ud83d\ude09<\/p>\n\n\n\n<p class=\"has-background has-light-gray-background-color\">In diesem Beitrag listen wir verschiedene H\u00e4ndler bzw. M\u00f6glichkeiten auf, Kleidung auf nachhaltigem Wege zu erwerben. Denn die Liste an sozialen sowie Umweltproblemen, die Kleidung bzw. insbesondere Fast-Fashion, ausl\u00f6sen, ist lang. Hierzu k\u00f6nnen wir den Film &#8220;<a href=\"https:\/\/truecostmovie.com\/\">The True Cost<\/a>&#8221; empfehlen, der diese Problematik verdeutlicht.  Welche vertretbaren Alternativen gibt es also? Wie immer gilt: weniger  ist mehr: Den Kleiderschrank reduzieren (bzw. vor allem weniger  nachkaufen) und Kleidung m\u00f6glichst lange tragen. Qualit\u00e4t geht vor  Quantit\u00e4t, wobei Qualit\u00e4t oft nicht mit einem hohen Preis gleichzusetzen  ist. Dennoch, fr\u00fcher oder (hoffentlich eher!) sp\u00e4ter, werden wir neue  Kleidungsst\u00fccke brauchen. Daher haben wir euch hier mal ein paar Optionen, <strong>die wir bisher getestet haben<\/strong> und deren Vor-  und Nachteile aufgelistet. Diese beziehen sich nicht nur auf  Nachhaltigkeit, sondern unsere Erfahrungen allgemein. Bitte beachtet,  dass die Liste keinenfalls vollst\u00e4ndig ist, sondern auf dem beruht, was  wir bisher getestet haben. Diese sind nicht wie &#8220;Testsieger&#8221; zu  betrachten! <\/p>\n\n\n\n<hr class=\"wp-block-separator\"\/>\n\n\n\n<h2>Flomarkt<\/h2>\n\n\n\n<p>Laura war vor allem auf dem <a href=\"https:\/\/fetzer-veranstaltungen.de\/maedelsflohmaerkte.php\">M\u00e4delsfohmarkt <\/a>in Ulm unterwegs.<\/p>\n\n\n\n<p><strong>Vorteile<\/strong><\/p>\n\n\n\n<ul><li>Mit die nachhaltigste M\u00f6glichkeit Kleidung zu erwerben<\/li><li>Schont den Geldbeutel<\/li><\/ul>\n\n\n\n<p><strong>Nachteile<\/strong><\/p>\n\n\n\n<ul><li>Keine zeitliche Flexibilit\u00e4t, man ist an den Flomarkttermin gebunden<\/li><li>Nach etwas Bestimmtem zu suchen, f\u00fchrt meist nicht zum Erfolg<\/li><li>Man muss ein bisschen Geduld mitbringen, da die vom Einzelhandel gewohnte Gr\u00f6\u00dfen- und Farbauswahl nat\u00fcrlich nicht gegeben ist<\/li><\/ul>\n\n\n\n<p class=\"has-text-color has-background has-text-align-center has-white-color has-accent-background-color\"><strong>Ihr mistet euren Kleiderschrank aus? <\/strong>Nicht nur der Flomarkt ist eine Alternative! Fragt doch bei euren Freunden oder Geschwistern nach, ob jemand Interesse an euren Kleidungsst\u00fccken hat.<\/p>\n\n\n\n<hr class=\"wp-block-separator\"\/>\n\n\n\n<h2>Hessnatur<\/h2>\n\n\n\n<p>Link: <a href=\"https:\/\/www.hessnatur.com\/de\/\">https:\/\/www.hessnatur.com\/de\/ <\/a><\/p>\n\n\n\n<p><strong>Vorteile<\/strong><\/p>\n\n\n\n<ul><li>Transparente und \u00dcbersichtliche Darstellung des Materials, dessen Herkunft und Verarbeitung<\/li><li>F\u00fcr jedes Produkt werden au\u00dferdem \u00dcbersichtlich die geltenden Siegel, z.B. &#8220;Gr\u00fcner Knopf&#8221; dargestellt.<\/li><li>Biomaterialien<\/li><li>Genaue Beschreibung der Gr\u00f6\u00dfen mit Ma\u00dfangaben (um Retouren zu reduzieren)<\/li><li>Weitestgehend Plastikfreier und mit geringsm\u00f6glicher Verpackung verbundener Versand<\/li><li>Freundlicher Kundenservice mit hoher Erreichbarkeit, sogar am Sonntag (wie Mitarbeiterfreundlich das ist&#8230; wiederum fraglich!)<\/li><li> Mitglied der Fair Wair Foundation (Status: Leader) <\/li><\/ul>\n\n\n\n<p><strong>Nachteile<\/strong><\/p>\n\n\n\n<ul><li>R\u00fcckerstattung von zur\u00fcckgesendeter Ware erfolgt als Gutschrift. Eine R\u00fcck\u00fcberweisung muss bei der ersten Bestellung aktiv erbeten werden (funktioniert dann aber!)<\/li><li>Versand von zahlreicher Printwerbung! Ohne, dass wir dem bewusst zugestimmt haben, werden uns regelm\u00e4\u00dfig Flyer und Kataloge zugesendet. Bisher kamen wir noch nicht dazu dem zu widersprechen.<\/li><\/ul>\n\n\n\n<p><strong>Neutral<\/strong><\/p>\n\n\n\n<ul><li>Zeitlose Mode, weder besonders modisch noch altbacken oder extrem alternativ<\/li><li>Angemessene Auswahl an Kleidung<\/li><li>Mittlere Preiskategorie, entspricht in etwa den Preisen f\u00fcr Markenkleidung<\/li><li>Positive Presse, z.B. als sehr sozial- und umweltengagiert bei <a href=\"https:\/\/www.test.de\/presse\/pressemitteilungen\/Sozial-und-Umweltengagement-von-T-Shirt-Herstellern-Engagierte-Unternehmen-sind-selten-4119884-4119886\/\">Stiftung Warentest<\/a> bewertet (Stand 2010 &#8211; deshalb nur neutral)<\/li><li>Hier darf nicht der typische Amazon Shopping Komfort erwartet werden: Lieferzeiten k\u00f6nnen sehr unterschiedlich sein (vieles ist sofort lieferbar aber einiges braucht auch ein paar Wochen), es fallen Versandkosten an und manche Naturstoffe sind sehr empflindlich, weshalb vor dem Kauf unbedingt die Pflegehinweise beachtet werden sollten (diese sind aber immer sehr \u00fcbersichtlich aufgefh\u00f6rt!)<\/li><\/ul>\n\n\n\n<hr class=\"wp-block-separator\"\/>\n\n\n\n<h2>Living Crafts<\/h2>\n\n\n\n<p>Link: <a href=\"https:\/\/www.livingcrafts.de\/\">https:\/\/www.livingcrafts.de\/ <\/a><\/p>\n\n\n\n<p><strong>Positiv<\/strong><\/p>\n\n\n\n<ul><li>Allgemeingehaltene, aber ausf\u00fchrliche Informationen zu Stoffen, Verarbeitung und Produktionsstandorten (Indien und Kroatien)<\/li><li>Mitglied der Fair Wair Foundation (Status: good)<\/li><\/ul>\n\n\n\n<p><strong>Negativ<\/strong><\/p>\n\n\n\n<ul><li>Nur allgmeine Beschreibungen, keine genauen Angaben zu den einzelnen Kleidungsst\u00fccken<\/li><li>Herkunft der einzelnen Rohstoffen nicht \u00fcbersichtlich und vollst\u00e4ndig dargestellt<\/li><\/ul>\n\n\n\n<p><strong>Neutral<\/strong><\/p>\n\n\n\n<ul><li>Wenig Bewertungen \/ Informationen im Internet \u00fcber &#8220;Living Crafts&#8221; zu finden<\/li><li>Mittlere Preiskategorie, entspricht etwa den Preisen f\u00fcr Markenkleidung. <\/li><\/ul>\n\n\n\n<hr class=\"wp-block-separator\"\/>\n\n\n\n<h2>MANOMAMA<\/h2>\n\n\n\n<p>Link: <a href=\"https:\/\/www.manomama.de\/\">https:\/\/www.manomama.de\/<\/a><\/p>\n\n\n\n<p><strong>Positiv<\/strong><\/p>\n\n\n\n<ul><li>Produktionsstandorte in Deutschland (Augsburg), sogar Stoffe werden teilweise hier gewebt.<\/li><li>\u00d6kologische Biomaterialien<\/li><li>Genaue Angaben \u00fcber Herfkunft von Rohstoffen<\/li><li>Besch\u00e4ftigung von benachteiligten Menschen<\/li><\/ul>\n\n\n\n<p><strong>Negativ<\/strong><\/p>\n\n\n\n<ul><li>Sehr geringe Auswahl<\/li><\/ul>\n\n\n\n<p><strong>Neutral<\/strong><\/p>\n\n\n\n<ul><li>Konfigurierbare Gr\u00f6\u00dfen bei Hosen<\/li><li>Mittlere Preiskategorie, entspricht etwa den Preisen f\u00fcr Markenkleidung.<\/li><\/ul>\n\n\n\n<hr class=\"wp-block-separator\"\/>\n\n\n\n<h2>Avocadostore<\/h2>\n\n\n\n<p>Link: <a href=\"https:\/\/www.avocadostore.de\/\">https:\/\/www.avocadostore.de\/<\/a><\/p>\n\n\n\n<p><strong>Positiv<\/strong><\/p>\n\n\n\n<ul><li>Avocadostore Kriterien (z.B.  Rohstoffe aus Bioanbau, Fair &amp; Sozial, Ressourcenschonend&#8230;) sind \u00fcbersichtlich f\u00fcr jedes Produkt angegeben, erm\u00f6glichen einen schnellen \u00dcberblick \u00fcber das einzelne Produkt.<\/li><li>Einfacher und \u00fcbersichtlicher Zugang zu verschiedenen H\u00e4ndlern! Hier kann man echt tolle Anbieter entdecken!<\/li><li>Bestellprozess hat bisher immer einwandfrei funktioniert.<\/li><\/ul>\n\n\n\n<p><strong>Negativ<\/strong><\/p>\n\n\n\n<ul><li>Die Angaben sind vom Hersteller selbst gemacht und eine Kontrolle soll \u00fcber den Nutzer stattfinden, der positive und negative Kommentare zu den Produkten abgeben kann. &#8211;> F\u00fcr zuverl\u00e4ssige Ausk\u00fcnfte, muss man selbst auf die Herstellerseite gehen, bzw. den Hersteller recherchieren.<\/li><li>Wenn man mehrere Produkte bestellt und diese von unterschiedlichen Herstellern kommen, wird nat\u00fcrlich jedes Produkt einzeln versandt.<\/li><\/ul>\n\n\n\n<p><strong>Neutral<\/strong><\/p>\n\n\n\n<ul><li>Aufgrund der unterschiedlichen Anbieter sehr unterschiedliche Preise<\/li><li>Man muss ein bisschen aufpassen. Es ist nicht wie bei Amazon, wo man einfach drauflos shoppen kann (genau das sollte man ja auch eigentlich vermeiden): stattdessen sollte man bei jedem Produkt genau auf Versandkosten, Lieferzeiten, Hersteller etc. achten&#8230;<\/li><\/ul>\n\n\n\n<p class=\"has-background has-lightest-gray-background-color\">Das ist nur eine kleine Zusammenfassung dessen, was wir bisher ausprobiert und erfahren haben. \u00dcber weitere Erfahrungsberichte, entweder bez\u00fcglich der schon vorgestellten oder neuen Empfehlungen, freuen wir uns sehr! <strong>Lasst doch gerne einen Kommentar da!<\/strong><\/p>\n\n\n\n<hr class=\"wp-block-separator\"\/>\n\n\n\n<p><strong>Nachtrag vom 29.04.2020:<\/strong> Wir haben ein paar Vor- und Nachteile bei Hessnatur und dem Avocadostore erg\u00e4nzt.<\/p>\n","protected":false},"excerpt":{"rendered":"<p>Selbstverst\u00e4ndlich werden wir f\u00fcr die Nennung von Anbietern von niemandem bezahlt. Abgesehen davon, dass wir das im Sinne der Neutralit\u00e4t nicht passend f\u00e4nden, hat nat\u00fcrlich auch niemand ein Interesse daran uns daf\u00fcr zu bezahlen, dass 5 Leute unseren Blog lesen \ud83d\ude09 In diesem Beitrag listen wir verschiedene H\u00e4ndler bzw. M\u00f6glichkeiten auf, Kleidung auf nachhaltigem Wege [&hellip;]<\/p>\n","protected":false},"author":1,"featured_media":218,"parent":9,"menu_order":0,"comment_status":"open","ping_status":"closed","template":"","meta":[],"_links":{"self":[{"href":"https:\/\/supplychange.de\/index.php?rest_route=\/wp\/v2\/pages\/200"}],"collection":[{"href":"https:\/\/supplychange.de\/index.php?rest_route=\/wp\/v2\/pages"}],"about":[{"href":"https:\/\/supplychange.de\/index.php?rest_route=\/wp\/v2\/types\/page"}],"author":[{"embeddable":true,"href":"https:\/\/supplychange.de\/index.php?rest_route=\/wp\/v2\/users\/1"}],"replies":[{"embeddable":true,"href":"https:\/\/supplychange.de\/index.php?rest_route=%2Fwp%2Fv2%2Fcomments&post=200"}],"version-history":[{"count":19,"href":"https:\/\/supplychange.de\/index.php?rest_route=\/wp\/v2\/pages\/200\/revisions"}],"predecessor-version":[{"id":394,"href":"https:\/\/supplychange.de\/index.php?rest_route=\/wp\/v2\/pages\/200\/revisions\/394"}],"up":[{"embeddable":true,"href":"https:\/\/supplychange.de\/index.php?rest_route=\/wp\/v2\/pages\/9"}],"wp:featuredmedia":[{"embeddable":true,"href":"https:\/\/supplychange.de\/index.php?rest_route=\/wp\/v2\/media\/218"}],"wp:attachment":[{"href":"https:\/\/supplychange.de\/index.php?rest_route=%2Fwp%2Fv2%2Fmedia&parent=200"}],"curies":[{"name":"wp","href":"https:\/\/api.w.org\/{rel}","templated":true}]}}