{"id":473,"date":"2020-06-08T22:58:51","date_gmt":"2020-06-08T20:58:51","guid":{"rendered":"https:\/\/supplychange.de\/?page_id=473"},"modified":"2020-06-08T22:58:51","modified_gmt":"2020-06-08T20:58:51","slug":"galerie","status":"publish","type":"page","link":"https:\/\/supplychange.de\/?page_id=473","title":{"rendered":"Galerie"},"content":{"rendered":"\n<p>Wir wollen die Natur nicht nur sch\u00fctzen, sondern sie auch erleben! Wir lieben es drau\u00dfen zu sein, sei es zum Spazieren gehen, Wandern, Campen, Klettersteigen&#8230; <\/p>\n\n\n\n<p>Im Men\u00fc unter Galerie findet ihr verschieden Fotogalerien, die dabei entstanden sind!<\/p>\n\n\n\n<p>Bei Fragen zu den Orten, Tipps etc. k\u00f6nnt ihr gerne eine E-Mail an info@supplychange.de schreiben! Wir freuen uns, unsere Erfahrungen zu teilen!<\/p>\n","protected":false},"excerpt":{"rendered":"<p>Wir wollen die Natur nicht nur sch\u00fctzen, sondern sie auch erleben! Wir lieben es drau\u00dfen zu sein, sei es zum Spazieren gehen, Wandern, Campen, Klettersteigen&#8230; Im Men\u00fc unter Galerie findet ihr verschieden Fotogalerien, die dabei entstanden sind! Bei Fragen zu den Orten, Tipps etc. k\u00f6nnt ihr gerne eine E-Mail an info@supplychange.de schreiben! Wir freuen uns, [&hellip;]<\/p>\n","protected":false},"author":1,"featured_media":0,"parent":0,"menu_order":0,"comment_status":"closed","ping_status":"closed","template":"","meta":[],"_links":{"self":[{"href":"https:\/\/supplychange.de\/index.php?rest_route=\/wp\/v2\/pages\/473"}],"collection":[{"href":"https:\/\/supplychange.de\/index.php?rest_route=\/wp\/v2\/pages"}],"about":[{"href":"https:\/\/supplychange.de\/index.php?rest_route=\/wp\/v2\/types\/page"}],"author":[{"embeddable":true,"href":"https:\/\/supplychange.de\/index.php?rest_route=\/wp\/v2\/users\/1"}],"replies":[{"embeddable":true,"href":"https:\/\/supplychange.de\/index.php?rest_route=%2Fwp%2Fv2%2Fcomments&post=473"}],"version-history":[{"count":2,"href":"https:\/\/supplychange.de\/index.php?rest_route=\/wp\/v2\/pages\/473\/revisions"}],"predecessor-version":[{"id":531,"href":"https:\/\/supplychange.de\/index.php?rest_route=\/wp\/v2\/pages\/473\/revisions\/531"}],"wp:attachment":[{"href":"https:\/\/supplychange.de\/index.php?rest_route=%2Fwp%2Fv2%2Fmedia&parent=473"}],"curies":[{"name":"wp","href":"https:\/\/api.w.org\/{rel}","templated":true}]}}